{"id":35592,"date":"2022-02-14T16:44:19","date_gmt":"2022-02-14T15:44:19","guid":{"rendered":"http:\/\/emilegroupe.fr\/home\/news\/"},"modified":"2024-03-04T11:01:43","modified_gmt":"2024-03-04T10:01:43","slug":"news","status":"publish","type":"page","link":"http:\/\/emilegroupe.fr\/en\/home\/news\/","title":{"rendered":"News"},"content":{"rendered":"\t\t<div data-elementor-type=\"wp-page\" data-elementor-id=\"35592\" class=\"elementor elementor-35592 elementor-1425\" data-elementor-post-type=\"page\">\n\t\t\t\t\t\t<section data-particle_enable=\"false\" data-particle-mobile-disabled=\"false\" class=\"elementor-section elementor-top-section elementor-element elementor-element-daf23a7 elementor-section-full_width elementor-section-height-min-height elementor-section-height-default elementor-section-items-middle\" data-id=\"daf23a7\" data-element_type=\"section\" data-e-type=\"section\" data-settings=\"{&quot;background_background&quot;:&quot;classic&quot;}\">\n\t\t\t\t\t\t<div class=\"elementor-container elementor-column-gap-default\">\n\t\t\t\t\t<div class=\"elementor-column elementor-col-100 elementor-top-column elementor-element elementor-element-6009521\" data-id=\"6009521\" data-element_type=\"column\" data-e-type=\"column\">\n\t\t\t<div class=\"elementor-widget-wrap elementor-element-populated\">\n\t\t\t\t\t\t<div class=\"elementor-element elementor-element-d9b5b21 elementor-widget elementor-widget-heading\" data-id=\"d9b5b21\" data-element_type=\"widget\" data-e-type=\"widget\" data-widget_type=\"heading.default\">\n\t\t\t\t<div class=\"elementor-widget-container\">\n\t\t\t\t\t<h2 class=\"elementor-heading-title elementor-size-default\">NEWS FROM THE EMILE GROUP<\/h2>\t\t\t\t<\/div>\n\t\t\t\t<\/div>\n\t\t\t\t\t<\/div>\n\t\t<\/div>\n\t\t\t\t\t<\/div>\n\t\t<\/section>\n\t\t\t\t<section data-particle_enable=\"false\" data-particle-mobile-disabled=\"false\" class=\"elementor-section elementor-top-section elementor-element elementor-element-111728e elementor-section-boxed elementor-section-height-default elementor-section-height-default\" data-id=\"111728e\" data-element_type=\"section\" data-e-type=\"section\">\n\t\t\t\t\t\t<div class=\"elementor-container elementor-column-gap-default\">\n\t\t\t\t\t<div class=\"elementor-column elementor-col-100 elementor-top-column elementor-element elementor-element-fcfd3fa\" data-id=\"fcfd3fa\" data-element_type=\"column\" data-e-type=\"column\">\n\t\t\t<div class=\"elementor-widget-wrap elementor-element-populated\">\n\t\t\t\t\t\t<div class=\"elementor-element elementor-element-315a4d4 elementor-widget elementor-widget-eael-post-block\" data-id=\"315a4d4\" data-element_type=\"widget\" data-e-type=\"widget\" data-widget_type=\"eael-post-block.default\">\n\t\t\t\t<div class=\"elementor-widget-container\">\n\t\t\t\t\t<div id=\"eael-post-block-315a4d4\" class=\"eael-post-block default post-block-layout-block\">\n            <div class=\"eael-post-block-grid eael-post-appender eael-post-appender-315a4d4  \"><article class=\"eael-post-block-item eael-post-block-column\">\n    <div class=\"eael-post-block-item-holder\">\n        <div class=\"eael-post-block-item-holder-inner\"><div class=\"eael-entry-media\">\n                    <div class=\"eael-entry-overlay none\"><i class=\"\" aria-hidden=\"true\"><\/i><a href=\"http:\/\/emilegroupe.fr\/en\/emile-noels-organic-winners-at-best-organic-product-2024\/\"\n                    \n                    >\n                    <\/a>\n                    <\/div>\n                    <div class=\"eael-entry-thumbnail \">\n                        <img decoding=\"async\" src=\"http:\/\/emilegroupe.fr\/wp-content\/uploads\/2023\/11\/Groupe-Emile-Couverture-communication-interne-Meilleurs-produits-bio-2024-LinkedIn-Post-1-768x768.jpg\" alt=\"\">\n                    <\/div>\n                <\/div><div class=\"eael-entry-wrapper\"><header class=\"eael-entry-header\"><h2 class=\"eael-entry-title\">\n                                    <a class=\"eael-grid-post-link\" href=\"http:\/\/emilegroupe.fr\/en\/emile-noels-organic-winners-at-best-organic-product-2024\/\" title=\"Emile No\u00ebl&#8217;s Organic Winners at Best Organic Product 2024\">\n                                    Emile No\u00ebl&#8217;s Organic Winners at Best Organic Product 2024\n                                    <\/a>\n\n                                <\/h2><\/header><div class=\"eael-entry-content\"><div class=\"eael-grid-post-excerpt\"><p>Groupe Emile No\u00ebl has won two awards at the prestigious \"Best Organic Product 2024\" event. Black garlic and grapeseed oil were praised for their delicate...<\/p><a \n                                    href=\"http:\/\/emilegroupe.fr\/en\/emile-noels-organic-winners-at-best-organic-product-2024\/\" \n                                    class=\"eael-post-elements-readmore-btn\"\n                                    \n                                    >\n                                    Read more<\/a><\/div><\/div>\n                <\/div><\/div>\n    <\/div>\n<\/article><article class=\"eael-post-block-item eael-post-block-column\">\n    <div class=\"eael-post-block-item-holder\">\n        <div class=\"eael-post-block-item-holder-inner\"><div class=\"eael-entry-media\">\n                    <div class=\"eael-entry-overlay none\"><i class=\"\" aria-hidden=\"true\"><\/i><a href=\"http:\/\/emilegroupe.fr\/en\/2022-groupe-emile-earns-pme-certification\/\"\n                    \n                    >\n                    <\/a>\n                    <\/div>\n                    <div class=\"eael-entry-thumbnail \">\n                        <img decoding=\"async\" src=\"http:\/\/emilegroupe.fr\/wp-content\/uploads\/2023\/02\/Label-pmeplus-twittercard.jpg-768x384.webp\" alt=\"\">\n                    <\/div>\n                <\/div><div class=\"eael-entry-wrapper\"><header class=\"eael-entry-header\"><h2 class=\"eael-entry-title\">\n                                    <a class=\"eael-grid-post-link\" href=\"http:\/\/emilegroupe.fr\/en\/2022-groupe-emile-earns-pme-certification\/\" title=\"2022, Groupe Emile earns PME+ certification\">\n                                    2022, Groupe Emile earns PME+ certification\n                                    <\/a>\n\n                                <\/h2><\/header><div class=\"eael-entry-content\"><div class=\"eael-grid-post-excerpt\"><p>It is with great pride that we announce that Groupe Emile, an SME established for over 100 years, has been awarded the PME+ label for...<\/p><a \n                                    href=\"http:\/\/emilegroupe.fr\/en\/2022-groupe-emile-earns-pme-certification\/\" \n                                    class=\"eael-post-elements-readmore-btn\"\n                                    \n                                    >\n                                    Read more<\/a><\/div><\/div>\n                <\/div><\/div>\n    <\/div>\n<\/article><article class=\"eael-post-block-item eael-post-block-column\">\n    <div class=\"eael-post-block-item-holder\">\n        <div class=\"eael-post-block-item-holder-inner\"><div class=\"eael-entry-media\">\n                    <div class=\"eael-entry-overlay none\"><i class=\"\" aria-hidden=\"true\"><\/i><a href=\"http:\/\/emilegroupe.fr\/en\/best-organic-product-2022\/\"\n                    \n                    >\n                    <\/a>\n                    <\/div>\n                    <div class=\"eael-entry-thumbnail \">\n                        <img decoding=\"async\" src=\"http:\/\/emilegroupe.fr\/wp-content\/uploads\/2021\/12\/Sans-titre-1-768x768.jpg\" alt=\"\">\n                    <\/div>\n                <\/div><div class=\"eael-entry-wrapper\"><header class=\"eael-entry-header\"><h2 class=\"eael-entry-title\">\n                                    <a class=\"eael-grid-post-link\" href=\"http:\/\/emilegroupe.fr\/en\/best-organic-product-2022\/\" title=\"Best Organic Product 2022\">\n                                    Best Organic Product 2022\n                                    <\/a>\n\n                                <\/h2><\/header><div class=\"eael-entry-content\"><div class=\"eael-grid-post-excerpt\"><p>At the #MeilleurProduitBio2022 awards ceremony, we received 3 prizes among our brands. Our Emile No\u00ebl wavy chips and gourmet vinaigrette won awards, as did our...<\/p><a \n                                    href=\"http:\/\/emilegroupe.fr\/en\/best-organic-product-2022\/\" \n                                    class=\"eael-post-elements-readmore-btn\"\n                                    \n                                    >\n                                    Read more<\/a><\/div><\/div>\n                <\/div><\/div>\n    <\/div>\n<\/article><article class=\"eael-post-block-item eael-post-block-column\">\n    <div class=\"eael-post-block-item-holder\">\n        <div class=\"eael-post-block-item-holder-inner\"><div class=\"eael-entry-media\">\n                    <div class=\"eael-entry-overlay none\"><i class=\"\" aria-hidden=\"true\"><\/i><a href=\"http:\/\/emilegroupe.fr\/en\/launch-of-our-brand-online-stores\/\"\n                    \n                    >\n                    <\/a>\n                    <\/div>\n                    <div class=\"eael-entry-thumbnail \">\n                        <img decoding=\"async\" src=\"http:\/\/emilegroupe.fr\/wp-content\/uploads\/2021\/12\/Sans-titre-1-1-768x768.jpg\" alt=\"\">\n                    <\/div>\n                <\/div><div class=\"eael-entry-wrapper\"><header class=\"eael-entry-header\"><h2 class=\"eael-entry-title\">\n                                    <a class=\"eael-grid-post-link\" href=\"http:\/\/emilegroupe.fr\/en\/launch-of-our-brand-online-stores\/\" title=\"Launch of our brand online stores\">\n                                    Launch of our brand online stores\n                                    <\/a>\n\n                                <\/h2><\/header><div class=\"eael-entry-content\"><div class=\"eael-grid-post-excerpt\"><p>Our two brands Emile No\u00ebl and Emma No\u00ebl have launched their online boutiques. You&#8217;ll find a wide range of products from both our food and...<\/p><a \n                                    href=\"http:\/\/emilegroupe.fr\/en\/launch-of-our-brand-online-stores\/\" \n                                    class=\"eael-post-elements-readmore-btn\"\n                                    \n                                    >\n                                    Read more<\/a><\/div><\/div>\n                <\/div><\/div>\n    <\/div>\n<\/article><article class=\"eael-post-block-item eael-post-block-column\">\n    <div class=\"eael-post-block-item-holder\">\n        <div class=\"eael-post-block-item-holder-inner\"><div class=\"eael-entry-media\">\n                    <div class=\"eael-entry-overlay none\"><i class=\"\" aria-hidden=\"true\"><\/i><a href=\"http:\/\/emilegroupe.fr\/en\/groupe-emile-at-biofach-2019\/\"\n                    \n                    >\n                    <\/a>\n                    <\/div>\n                    <div class=\"eael-entry-thumbnail \">\n                        <img decoding=\"async\" src=\"http:\/\/emilegroupe.fr\/wp-content\/uploads\/2019\/01\/actu-biofach-2019.png\" alt=\"\">\n                    <\/div>\n                <\/div><div class=\"eael-entry-wrapper\"><header class=\"eael-entry-header\"><h2 class=\"eael-entry-title\">\n                                    <a class=\"eael-grid-post-link\" href=\"http:\/\/emilegroupe.fr\/en\/groupe-emile-at-biofach-2019\/\" title=\"Groupe Emile at Biofach 2019\">\n                                    Groupe Emile at Biofach 2019\n                                    <\/a>\n\n                                <\/h2><\/header><div class=\"eael-entry-content\"><div class=\"eael-grid-post-excerpt\"><p>Biofach is the world&#8217;s leading trade fair for organic foods. It takes place at the Nuremberg Exhibition Center from February 13 to 16, 2019. Groupe...<\/p><a \n                                    href=\"http:\/\/emilegroupe.fr\/en\/groupe-emile-at-biofach-2019\/\" \n                                    class=\"eael-post-elements-readmore-btn\"\n                                    \n                                    >\n                                    Read more<\/a><\/div><\/div>\n                <\/div><\/div>\n    <\/div>\n<\/article><article class=\"eael-post-block-item eael-post-block-column\">\n    <div class=\"eael-post-block-item-holder\">\n        <div class=\"eael-post-block-item-holder-inner\"><div class=\"eael-entry-media\">\n                    <div class=\"eael-entry-overlay none\"><i class=\"\" aria-hidden=\"true\"><\/i><a href=\"http:\/\/emilegroupe.fr\/en\/groupe-emile-at-sial\/\"\n                    \n                    >\n                    <\/a>\n                    <\/div>\n                    <div class=\"eael-entry-thumbnail \">\n                        <img decoding=\"async\" src=\"http:\/\/emilegroupe.fr\/wp-content\/uploads\/2018\/10\/SIAL-copie.jpg\" alt=\"\">\n                    <\/div>\n                <\/div><div class=\"eael-entry-wrapper\"><header class=\"eael-entry-header\"><h2 class=\"eael-entry-title\">\n                                    <a class=\"eael-grid-post-link\" href=\"http:\/\/emilegroupe.fr\/en\/groupe-emile-at-sial\/\" title=\"Groupe Emile at SIAL\">\n                                    Groupe Emile at SIAL\n                                    <\/a>\n\n                                <\/h2><\/header><div class=\"eael-entry-content\"><div class=\"eael-grid-post-excerpt\"><p>SIAL, the world&#8217;s leading food innovation event, takes place this year from October 21 to 25 in Paris. Groupe Emile will be present at this...<\/p><a \n                                    href=\"http:\/\/emilegroupe.fr\/en\/groupe-emile-at-sial\/\" \n                                    class=\"eael-post-elements-readmore-btn\"\n                                    \n                                    >\n                                    Read more<\/a><\/div><\/div>\n                <\/div><\/div>\n    <\/div>\n<\/article><article class=\"eael-post-block-item eael-post-block-column\">\n    <div class=\"eael-post-block-item-holder\">\n        <div class=\"eael-post-block-item-holder-inner\"><div class=\"eael-entry-media\">\n                    <div class=\"eael-entry-overlay none\"><i class=\"\" aria-hidden=\"true\"><\/i><a href=\"http:\/\/emilegroupe.fr\/en\/hen-at-the-in-cosmetics-trade-show\/\"\n                    \n                    >\n                    <\/a>\n                    <\/div>\n                    <div class=\"eael-entry-thumbnail \">\n                        <img decoding=\"async\" src=\"http:\/\/emilegroupe.fr\/wp-content\/uploads\/2018\/08\/salon-in-cosmetics-amsterdam-768x576.jpg\" alt=\"\">\n                    <\/div>\n                <\/div><div class=\"eael-entry-wrapper\"><header class=\"eael-entry-header\"><h2 class=\"eael-entry-title\">\n                                    <a class=\"eael-grid-post-link\" href=\"http:\/\/emilegroupe.fr\/en\/hen-at-the-in-cosmetics-trade-show\/\" title=\"HEN at the In-Cosmetics trade show\">\n                                    HEN at the In-Cosmetics trade show\n                                    <\/a>\n\n                                <\/h2><\/header><div class=\"eael-entry-content\"><div class=\"eael-grid-post-excerpt\"><p>We&#8217;ll be exhibiting at In-Cosmetics next week, from April 17 to 19. The show will take place in Amsterdam. It brings together international exhibitors. It...<\/p><a \n                                    href=\"http:\/\/emilegroupe.fr\/en\/hen-at-the-in-cosmetics-trade-show\/\" \n                                    class=\"eael-post-elements-readmore-btn\"\n                                    \n                                    >\n                                    Read more<\/a><\/div><\/div>\n                <\/div><\/div>\n    <\/div>\n<\/article><\/div>\n\t\t<\/div>\t\t\t\t<\/div>\n\t\t\t\t<\/div>\n\t\t\t\t\t<\/div>\n\t\t<\/div>\n\t\t\t\t\t<\/div>\n\t\t<\/section>\n\t\t\t\t<\/div>\n\t\t","protected":false},"excerpt":{"rendered":"<p>NEWS FROM THE EMILE GROUP Les Laur\u00e9ats Bio d&#8217;Emile No\u00ebl au Meilleur Produit Bio 2024 Le Groupe Emile No\u00ebl a remport\u00e9 deux distinctions au prestigieux \u00e9v\u00e9nement du &#8220;Meilleur Produit Bio 2024&#8221;. L&#8217;ail noir et l&#8217;huile de p\u00e9pin de raisin ont&#8230; Read more 2022, le Groupe Emile obtient sa labellisation PME+ C&#8217;est avec une grande fiert\u00e9 [&hellip;]<\/p>\n","protected":false},"author":2,"featured_media":0,"parent":35578,"menu_order":30,"comment_status":"closed","ping_status":"closed","template":"","meta":{"footnotes":""},"class_list":["post-35592","page","type-page","status-publish","hentry"],"yoast_head":"<!-- This site is optimized with the Yoast SEO plugin v27.3 - https:\/\/yoast.com\/product\/yoast-seo-wordpress\/ -->\n<title>News - Groupe Emile<\/title>\n<meta name=\"robots\" content=\"index, follow, max-snippet:-1, max-image-preview:large, max-video-preview:-1\" \/>\n<link rel=\"canonical\" href=\"http:\/\/emilegroupe.fr\/en\/home\/news\/\" \/>\n<meta property=\"og:locale\" content=\"en_US\" \/>\n<meta property=\"og:type\" content=\"article\" \/>\n<meta property=\"og:title\" content=\"News - Groupe Emile\" \/>\n<meta property=\"og:description\" content=\"NEWS FROM THE EMILE GROUP Les Laur\u00e9ats Bio d&#8217;Emile No\u00ebl au Meilleur Produit Bio 2024 Le Groupe Emile No\u00ebl a remport\u00e9 deux distinctions au prestigieux \u00e9v\u00e9nement du &#8220;Meilleur Produit Bio 2024&#8221;. L&#8217;ail noir et l&#8217;huile de p\u00e9pin de raisin ont&#8230; Read more 2022, le Groupe Emile obtient sa labellisation PME+ C&#8217;est avec une grande fiert\u00e9 [&hellip;]\" \/>\n<meta property=\"og:url\" content=\"http:\/\/emilegroupe.fr\/en\/home\/news\/\" \/>\n<meta property=\"og:site_name\" content=\"Groupe Emile\" \/>\n<meta property=\"article:modified_time\" content=\"2024-03-04T10:01:43+00:00\" \/>\n<meta property=\"og:image\" content=\"http:\/\/emilegroupe.fr\/wp-content\/uploads\/2023\/11\/Groupe-Emile-Couverture-communication-interne-Meilleurs-produits-bio-2024-LinkedIn-Post-1-768x768.jpg\" \/>\n<meta name=\"twitter:card\" content=\"summary_large_image\" \/>\n<meta name=\"twitter:label1\" content=\"Est. reading time\" \/>\n\t<meta name=\"twitter:data1\" content=\"2 minutes\" \/>\n<script type=\"application\/ld+json\" class=\"yoast-schema-graph\">{\"@context\":\"https:\\\/\\\/schema.org\",\"@graph\":[{\"@type\":\"WebPage\",\"@id\":\"http:\\\/\\\/emilegroupe.fr\\\/en\\\/home\\\/news\\\/\",\"url\":\"http:\\\/\\\/emilegroupe.fr\\\/en\\\/home\\\/news\\\/\",\"name\":\"News - Groupe Emile\",\"isPartOf\":{\"@id\":\"http:\\\/\\\/emilegroupe.fr\\\/en\\\/#website\"},\"primaryImageOfPage\":{\"@id\":\"http:\\\/\\\/emilegroupe.fr\\\/en\\\/home\\\/news\\\/#primaryimage\"},\"image\":{\"@id\":\"http:\\\/\\\/emilegroupe.fr\\\/en\\\/home\\\/news\\\/#primaryimage\"},\"thumbnailUrl\":\"http:\\\/\\\/emilegroupe.fr\\\/wp-content\\\/uploads\\\/2023\\\/11\\\/Groupe-Emile-Couverture-communication-interne-Meilleurs-produits-bio-2024-LinkedIn-Post-1-768x768.jpg\",\"datePublished\":\"2022-02-14T15:44:19+00:00\",\"dateModified\":\"2024-03-04T10:01:43+00:00\",\"breadcrumb\":{\"@id\":\"http:\\\/\\\/emilegroupe.fr\\\/en\\\/home\\\/news\\\/#breadcrumb\"},\"inLanguage\":\"en-US\",\"potentialAction\":[{\"@type\":\"ReadAction\",\"target\":[\"http:\\\/\\\/emilegroupe.fr\\\/en\\\/home\\\/news\\\/\"]}]},{\"@type\":\"ImageObject\",\"inLanguage\":\"en-US\",\"@id\":\"http:\\\/\\\/emilegroupe.fr\\\/en\\\/home\\\/news\\\/#primaryimage\",\"url\":\"http:\\\/\\\/emilegroupe.fr\\\/wp-content\\\/uploads\\\/2023\\\/11\\\/Groupe-Emile-Couverture-communication-interne-Meilleurs-produits-bio-2024-LinkedIn-Post-1-768x768.jpg\",\"contentUrl\":\"http:\\\/\\\/emilegroupe.fr\\\/wp-content\\\/uploads\\\/2023\\\/11\\\/Groupe-Emile-Couverture-communication-interne-Meilleurs-produits-bio-2024-LinkedIn-Post-1-768x768.jpg\"},{\"@type\":\"BreadcrumbList\",\"@id\":\"http:\\\/\\\/emilegroupe.fr\\\/en\\\/home\\\/news\\\/#breadcrumb\",\"itemListElement\":[{\"@type\":\"ListItem\",\"position\":1,\"name\":\"Accueil\",\"item\":\"http:\\\/\\\/emilegroupe.fr\\\/en\\\/home\\\/\"},{\"@type\":\"ListItem\",\"position\":2,\"name\":\"Home\",\"item\":\"http:\\\/\\\/emilegroupe.fr\\\/en\\\/home\\\/\"},{\"@type\":\"ListItem\",\"position\":3,\"name\":\"News\"}]},{\"@type\":\"WebSite\",\"@id\":\"http:\\\/\\\/emilegroupe.fr\\\/en\\\/#website\",\"url\":\"http:\\\/\\\/emilegroupe.fr\\\/en\\\/\",\"name\":\"Groupe Emile\",\"description\":\"Agitateur du Bio depuis 1920\",\"publisher\":{\"@id\":\"http:\\\/\\\/emilegroupe.fr\\\/en\\\/#organization\"},\"potentialAction\":[{\"@type\":\"SearchAction\",\"target\":{\"@type\":\"EntryPoint\",\"urlTemplate\":\"http:\\\/\\\/emilegroupe.fr\\\/en\\\/?s={search_term_string}\"},\"query-input\":{\"@type\":\"PropertyValueSpecification\",\"valueRequired\":true,\"valueName\":\"search_term_string\"}}],\"inLanguage\":\"en-US\"},{\"@type\":\"Organization\",\"@id\":\"http:\\\/\\\/emilegroupe.fr\\\/en\\\/#organization\",\"name\":\"Groupe Emile\",\"url\":\"http:\\\/\\\/emilegroupe.fr\\\/en\\\/\",\"logo\":{\"@type\":\"ImageObject\",\"inLanguage\":\"en-US\",\"@id\":\"http:\\\/\\\/emilegroupe.fr\\\/en\\\/#\\\/schema\\\/logo\\\/image\\\/\",\"url\":\"https:\\\/\\\/emilegroupe.fr\\\/wp-content\\\/uploads\\\/2018\\\/08\\\/GroupeEmile_Signature_Quadri_Moulin-jaune.png\",\"contentUrl\":\"https:\\\/\\\/emilegroupe.fr\\\/wp-content\\\/uploads\\\/2018\\\/08\\\/GroupeEmile_Signature_Quadri_Moulin-jaune.png\",\"width\":2248,\"height\":1014,\"caption\":\"Groupe Emile\"},\"image\":{\"@id\":\"http:\\\/\\\/emilegroupe.fr\\\/en\\\/#\\\/schema\\\/logo\\\/image\\\/\"},\"sameAs\":[\"https:\\\/\\\/www.linkedin.com\\\/company\\\/huilerie-emile-no\u00ebl\\\/\",\"https:\\\/\\\/www.youtube.com\\\/channel\\\/UCfdQz--7i0mrn1g8j7_wyvg\\\/featured?view_as=subscriber\"]}]}<\/script>\n<!-- \/ Yoast SEO plugin. -->","yoast_head_json":{"title":"News - Groupe Emile","robots":{"index":"index","follow":"follow","max-snippet":"max-snippet:-1","max-image-preview":"max-image-preview:large","max-video-preview":"max-video-preview:-1"},"canonical":"http:\/\/emilegroupe.fr\/en\/home\/news\/","og_locale":"en_US","og_type":"article","og_title":"News - Groupe Emile","og_description":"NEWS FROM THE EMILE GROUP Les Laur\u00e9ats Bio d&#8217;Emile No\u00ebl au Meilleur Produit Bio 2024 Le Groupe Emile No\u00ebl a remport\u00e9 deux distinctions au prestigieux \u00e9v\u00e9nement du &#8220;Meilleur Produit Bio 2024&#8221;. L&#8217;ail noir et l&#8217;huile de p\u00e9pin de raisin ont&#8230; Read more 2022, le Groupe Emile obtient sa labellisation PME+ C&#8217;est avec une grande fiert\u00e9 [&hellip;]","og_url":"http:\/\/emilegroupe.fr\/en\/home\/news\/","og_site_name":"Groupe Emile","article_modified_time":"2024-03-04T10:01:43+00:00","og_image":[{"url":"http:\/\/emilegroupe.fr\/wp-content\/uploads\/2023\/11\/Groupe-Emile-Couverture-communication-interne-Meilleurs-produits-bio-2024-LinkedIn-Post-1-768x768.jpg","type":"","width":"","height":""}],"twitter_card":"summary_large_image","twitter_misc":{"Est. reading time":"2 minutes"},"schema":{"@context":"https:\/\/schema.org","@graph":[{"@type":"WebPage","@id":"http:\/\/emilegroupe.fr\/en\/home\/news\/","url":"http:\/\/emilegroupe.fr\/en\/home\/news\/","name":"News - Groupe Emile","isPartOf":{"@id":"http:\/\/emilegroupe.fr\/en\/#website"},"primaryImageOfPage":{"@id":"http:\/\/emilegroupe.fr\/en\/home\/news\/#primaryimage"},"image":{"@id":"http:\/\/emilegroupe.fr\/en\/home\/news\/#primaryimage"},"thumbnailUrl":"http:\/\/emilegroupe.fr\/wp-content\/uploads\/2023\/11\/Groupe-Emile-Couverture-communication-interne-Meilleurs-produits-bio-2024-LinkedIn-Post-1-768x768.jpg","datePublished":"2022-02-14T15:44:19+00:00","dateModified":"2024-03-04T10:01:43+00:00","breadcrumb":{"@id":"http:\/\/emilegroupe.fr\/en\/home\/news\/#breadcrumb"},"inLanguage":"en-US","potentialAction":[{"@type":"ReadAction","target":["http:\/\/emilegroupe.fr\/en\/home\/news\/"]}]},{"@type":"ImageObject","inLanguage":"en-US","@id":"http:\/\/emilegroupe.fr\/en\/home\/news\/#primaryimage","url":"http:\/\/emilegroupe.fr\/wp-content\/uploads\/2023\/11\/Groupe-Emile-Couverture-communication-interne-Meilleurs-produits-bio-2024-LinkedIn-Post-1-768x768.jpg","contentUrl":"http:\/\/emilegroupe.fr\/wp-content\/uploads\/2023\/11\/Groupe-Emile-Couverture-communication-interne-Meilleurs-produits-bio-2024-LinkedIn-Post-1-768x768.jpg"},{"@type":"BreadcrumbList","@id":"http:\/\/emilegroupe.fr\/en\/home\/news\/#breadcrumb","itemListElement":[{"@type":"ListItem","position":1,"name":"Accueil","item":"http:\/\/emilegroupe.fr\/en\/home\/"},{"@type":"ListItem","position":2,"name":"Home","item":"http:\/\/emilegroupe.fr\/en\/home\/"},{"@type":"ListItem","position":3,"name":"News"}]},{"@type":"WebSite","@id":"http:\/\/emilegroupe.fr\/en\/#website","url":"http:\/\/emilegroupe.fr\/en\/","name":"Groupe Emile","description":"Agitateur du Bio depuis 1920","publisher":{"@id":"http:\/\/emilegroupe.fr\/en\/#organization"},"potentialAction":[{"@type":"SearchAction","target":{"@type":"EntryPoint","urlTemplate":"http:\/\/emilegroupe.fr\/en\/?s={search_term_string}"},"query-input":{"@type":"PropertyValueSpecification","valueRequired":true,"valueName":"search_term_string"}}],"inLanguage":"en-US"},{"@type":"Organization","@id":"http:\/\/emilegroupe.fr\/en\/#organization","name":"Groupe Emile","url":"http:\/\/emilegroupe.fr\/en\/","logo":{"@type":"ImageObject","inLanguage":"en-US","@id":"http:\/\/emilegroupe.fr\/en\/#\/schema\/logo\/image\/","url":"https:\/\/emilegroupe.fr\/wp-content\/uploads\/2018\/08\/GroupeEmile_Signature_Quadri_Moulin-jaune.png","contentUrl":"https:\/\/emilegroupe.fr\/wp-content\/uploads\/2018\/08\/GroupeEmile_Signature_Quadri_Moulin-jaune.png","width":2248,"height":1014,"caption":"Groupe Emile"},"image":{"@id":"http:\/\/emilegroupe.fr\/en\/#\/schema\/logo\/image\/"},"sameAs":["https:\/\/www.linkedin.com\/company\/huilerie-emile-no\u00ebl\/","https:\/\/www.youtube.com\/channel\/UCfdQz--7i0mrn1g8j7_wyvg\/featured?view_as=subscriber"]}]}},"_links":{"self":[{"href":"http:\/\/emilegroupe.fr\/en\/wp-json\/wp\/v2\/pages\/35592","targetHints":{"allow":["GET"]}}],"collection":[{"href":"http:\/\/emilegroupe.fr\/en\/wp-json\/wp\/v2\/pages"}],"about":[{"href":"http:\/\/emilegroupe.fr\/en\/wp-json\/wp\/v2\/types\/page"}],"author":[{"embeddable":true,"href":"http:\/\/emilegroupe.fr\/en\/wp-json\/wp\/v2\/users\/2"}],"replies":[{"embeddable":true,"href":"http:\/\/emilegroupe.fr\/en\/wp-json\/wp\/v2\/comments?post=35592"}],"version-history":[{"count":2,"href":"http:\/\/emilegroupe.fr\/en\/wp-json\/wp\/v2\/pages\/35592\/revisions"}],"predecessor-version":[{"id":35595,"href":"http:\/\/emilegroupe.fr\/en\/wp-json\/wp\/v2\/pages\/35592\/revisions\/35595"}],"up":[{"embeddable":true,"href":"http:\/\/emilegroupe.fr\/en\/wp-json\/wp\/v2\/pages\/35578"}],"wp:attachment":[{"href":"http:\/\/emilegroupe.fr\/en\/wp-json\/wp\/v2\/media?parent=35592"}],"curies":[{"name":"wp","href":"https:\/\/api.w.org\/{rel}","templated":true}]}}