{"id":35603,"date":"2017-10-16T08:00:50","date_gmt":"2017-10-16T06:00:50","guid":{"rendered":"http:\/\/emilegroupe.fr\/home\/our-history\/"},"modified":"2024-12-03T17:06:20","modified_gmt":"2024-12-03T16:06:20","slug":"our-history","status":"publish","type":"page","link":"http:\/\/emilegroupe.fr\/en\/home\/our-history\/","title":{"rendered":"Our history"},"content":{"rendered":"\t\t<div data-elementor-type=\"wp-page\" data-elementor-id=\"35603\" class=\"elementor elementor-35603 elementor-192\" data-elementor-post-type=\"page\">\n\t\t\t\t\t\t<section data-particle_enable=\"false\" data-particle-mobile-disabled=\"false\" class=\"elementor-section elementor-top-section elementor-element elementor-element-82ed2dc elementor-section-full_width elementor-section-height-full elementor-section-height-default elementor-section-items-middle\" data-id=\"82ed2dc\" data-element_type=\"section\" data-e-type=\"section\" data-settings=\"{&quot;background_background&quot;:&quot;classic&quot;}\">\n\t\t\t\t\t\t\t<div class=\"elementor-background-overlay\"><\/div>\n\t\t\t\t\t\t\t<div class=\"elementor-container elementor-column-gap-default\">\n\t\t\t\t\t<div class=\"elementor-column elementor-col-25 elementor-top-column elementor-element elementor-element-89df892\" data-id=\"89df892\" data-element_type=\"column\" data-e-type=\"column\">\n\t\t\t<div class=\"elementor-widget-wrap\">\n\t\t\t\t\t\t\t<\/div>\n\t\t<\/div>\n\t\t\t\t<div class=\"elementor-column elementor-col-50 elementor-top-column elementor-element elementor-element-d04f670\" data-id=\"d04f670\" data-element_type=\"column\" data-e-type=\"column\">\n\t\t\t<div class=\"elementor-widget-wrap elementor-element-populated\">\n\t\t\t\t\t\t<div class=\"elementor-element elementor-element-95c7246 elementor-widget elementor-widget-heading\" data-id=\"95c7246\" data-element_type=\"widget\" data-e-type=\"widget\" data-widget_type=\"heading.default\">\n\t\t\t\t<div class=\"elementor-widget-container\">\n\t\t\t\t\t<h3 class=\"elementor-heading-title elementor-size-default\">Emile tells his story<\/h3>\t\t\t\t<\/div>\n\t\t\t\t<\/div>\n\t\t\t\t<div class=\"elementor-element elementor-element-gssljhk elementor-widget elementor-widget-text-editor\" data-id=\"gssljhk\" data-element_type=\"widget\" data-e-type=\"widget\" data-widget_type=\"text-editor.default\">\n\t\t\t\t<div class=\"elementor-widget-container\">\n\t\t\t\t\t\t\t\t\t<p>A family-run SME founded in 1920 by the passionate Emile No\u00ebl in Pont-Saint-Esprit (in the Gard region of France), the Emile No\u00ebl oil mill is taking a new direction this year 2018 by becoming Groupe Emile.<\/p>\n<p>The company has grown over the generations, and is now run by David, great-grandson of Emile No\u00ebl p\u00e8re, with the same values that led Emile No\u00ebl to create the company:<\/p>\n<p>CONFIDENCE IN PEOPLE AND NATURE, THE ENVY TO EXPLORE NEW PATHS to offer ever more new perspectives on healthier, more innovative food.<\/p>\n\t\t\t\t\t\t\t\t<\/div>\n\t\t\t\t<\/div>\n\t\t\t\t<div class=\"elementor-element elementor-element-344bdaf elementor-view-default elementor-widget elementor-widget-icon\" data-id=\"344bdaf\" data-element_type=\"widget\" data-e-type=\"widget\" data-widget_type=\"icon.default\">\n\t\t\t\t<div class=\"elementor-widget-container\">\n\t\t\t\t\t\t\t<div class=\"elementor-icon-wrapper\">\n\t\t\t<a class=\"elementor-icon\" href=\"#histoire\">\n\t\t\t<i aria-hidden=\"true\" class=\"fas fa-angle-double-down\"><\/i>\t\t\t<\/a>\n\t\t<\/div>\n\t\t\t\t\t\t<\/div>\n\t\t\t\t<\/div>\n\t\t\t\t\t<\/div>\n\t\t<\/div>\n\t\t\t\t<div class=\"elementor-column elementor-col-25 elementor-top-column elementor-element elementor-element-b491de2\" data-id=\"b491de2\" data-element_type=\"column\" data-e-type=\"column\">\n\t\t\t<div class=\"elementor-widget-wrap\">\n\t\t\t\t\t\t\t<\/div>\n\t\t<\/div>\n\t\t\t\t\t<\/div>\n\t\t<\/section>\n\t\t\t\t<section data-particle_enable=\"false\" data-particle-mobile-disabled=\"false\" class=\"elementor-section elementor-top-section elementor-element elementor-element-b14d376 elementor-section-full_width elementor-section-height-default elementor-section-height-default\" data-id=\"b14d376\" data-element_type=\"section\" data-e-type=\"section\">\n\t\t\t\t\t\t<div class=\"elementor-container elementor-column-gap-default\">\n\t\t\t\t\t<div class=\"elementor-column elementor-col-33 elementor-top-column elementor-element elementor-element-80e3245\" data-id=\"80e3245\" data-element_type=\"column\" data-e-type=\"column\">\n\t\t\t<div class=\"elementor-widget-wrap elementor-element-populated\">\n\t\t\t\t\t\t<div class=\"elementor-element elementor-element-5ab668a elementor-widget elementor-widget-menu-anchor\" data-id=\"5ab668a\" data-element_type=\"widget\" data-e-type=\"widget\" data-widget_type=\"menu-anchor.default\">\n\t\t\t\t<div class=\"elementor-widget-container\">\n\t\t\t\t\t\t\t<div class=\"elementor-menu-anchor\" id=\"history\"><\/div>\n\t\t\t\t\t\t<\/div>\n\t\t\t\t<\/div>\n\t\t\t\t<div class=\"elementor-element elementor-element-b71890d elementor-widget elementor-widget-image\" data-id=\"b71890d\" data-element_type=\"widget\" data-e-type=\"widget\" data-widget_type=\"image.default\">\n\t\t\t\t<div class=\"elementor-widget-container\">\n\t\t\t\t\t\t\t\t\t\t\t\t\t\t\t<img fetchpriority=\"high\" decoding=\"async\" width=\"464\" height=\"1024\" src=\"http:\/\/emilegroupe.fr\/wp-content\/uploads\/2018\/08\/histoire-groupe-emile-464x1024.jpg\" class=\"attachment-large size-large wp-image-25934\" alt=\"\" srcset=\"http:\/\/emilegroupe.fr\/wp-content\/uploads\/2018\/08\/histoire-groupe-emile-464x1024.jpg 464w, http:\/\/emilegroupe.fr\/wp-content\/uploads\/2018\/08\/histoire-groupe-emile-136x300.jpg 136w, http:\/\/emilegroupe.fr\/wp-content\/uploads\/2018\/08\/histoire-groupe-emile-768x1695.jpg 768w, http:\/\/emilegroupe.fr\/wp-content\/uploads\/2018\/08\/histoire-groupe-emile.jpg 1410w\" sizes=\"(max-width: 464px) 100vw, 464px\" \/>\t\t\t\t\t\t\t\t\t\t\t\t\t\t\t<\/div>\n\t\t\t\t<\/div>\n\t\t\t\t<div class=\"elementor-element elementor-element-7fbc0ee elementor-hidden-mobile elementor-widget elementor-widget-image\" data-id=\"7fbc0ee\" data-element_type=\"widget\" data-e-type=\"widget\" data-widget_type=\"image.default\">\n\t\t\t\t<div class=\"elementor-widget-container\">\n\t\t\t\t\t\t\t\t\t\t\t\t<figure class=\"wp-caption\">\n\t\t\t\t\t\t\t\t\t\t<img decoding=\"async\" width=\"464\" height=\"1024\" src=\"http:\/\/emilegroupe.fr\/wp-content\/uploads\/2018\/08\/histoire-groupe-emile-david-464x1024.jpg\" class=\"attachment-large size-large wp-image-25937\" alt=\"\" srcset=\"http:\/\/emilegroupe.fr\/wp-content\/uploads\/2018\/08\/histoire-groupe-emile-david-464x1024.jpg 464w, http:\/\/emilegroupe.fr\/wp-content\/uploads\/2018\/08\/histoire-groupe-emile-david-136x300.jpg 136w, http:\/\/emilegroupe.fr\/wp-content\/uploads\/2018\/08\/histoire-groupe-emile-david-768x1695.jpg 768w, http:\/\/emilegroupe.fr\/wp-content\/uploads\/2018\/08\/histoire-groupe-emile-david.jpg 1410w\" sizes=\"(max-width: 464px) 100vw, 464px\" \/>\t\t\t\t\t\t\t\t\t\t\t<figcaption class=\"widget-image-caption wp-caption-text\">Photo by David Garnier and Emile No\u00ebl on June 30, 2011<\/figcaption>\n\t\t\t\t\t\t\t\t\t\t<\/figure>\n\t\t\t\t\t\t\t\t\t<\/div>\n\t\t\t\t<\/div>\n\t\t\t\t\t<\/div>\n\t\t<\/div>\n\t\t\t\t<div class=\"elementor-column elementor-col-66 elementor-top-column elementor-element elementor-element-641da52\" data-id=\"641da52\" data-element_type=\"column\" data-e-type=\"column\">\n\t\t\t<div class=\"elementor-widget-wrap\">\n\t\t\t\t\t\t\t<\/div>\n\t\t<\/div>\n\t\t\t\t\t<\/div>\n\t\t<\/section>\n\t\t\t\t<\/div>\n\t\t","protected":false},"excerpt":{"rendered":"<p>Emile tells his story A family-run SME founded in 1920 by the passionate Emile No\u00ebl in Pont-Saint-Esprit (in the Gard region of France), the Emile No\u00ebl oil mill is taking a new direction this year 2018 by becoming Groupe Emile. The company has grown over the generations, and is now run by David, great-grandson of [&hellip;]<\/p>\n","protected":false},"author":1,"featured_media":0,"parent":35578,"menu_order":5,"comment_status":"closed","ping_status":"closed","template":"","meta":{"footnotes":""},"class_list":["post-35603","page","type-page","status-publish","hentry"],"yoast_head":"<!-- This site is optimized with the Yoast SEO plugin v27.3 - https:\/\/yoast.com\/product\/yoast-seo-wordpress\/ -->\n<title>Our history - Groupe Emile<\/title>\n<meta name=\"robots\" content=\"index, follow, max-snippet:-1, max-image-preview:large, max-video-preview:-1\" \/>\n<link rel=\"canonical\" href=\"http:\/\/emilegroupe.fr\/en\/home\/our-history\/\" \/>\n<meta property=\"og:locale\" content=\"en_US\" \/>\n<meta property=\"og:type\" content=\"article\" \/>\n<meta property=\"og:title\" content=\"Our history - Groupe Emile\" \/>\n<meta property=\"og:description\" content=\"Emile tells his story A family-run SME founded in 1920 by the passionate Emile No\u00ebl in Pont-Saint-Esprit (in the Gard region of France), the Emile No\u00ebl oil mill is taking a new direction this year 2018 by becoming Groupe Emile. The company has grown over the generations, and is now run by David, great-grandson of [&hellip;]\" \/>\n<meta property=\"og:url\" content=\"http:\/\/emilegroupe.fr\/en\/home\/our-history\/\" \/>\n<meta property=\"og:site_name\" content=\"Groupe Emile\" \/>\n<meta property=\"article:modified_time\" content=\"2024-12-03T16:06:20+00:00\" \/>\n<meta property=\"og:image\" content=\"http:\/\/emilegroupe.fr\/wp-content\/uploads\/2018\/08\/histoire-groupe-emile.jpg\" \/>\n\t<meta property=\"og:image:width\" content=\"1410\" \/>\n\t<meta property=\"og:image:height\" content=\"3112\" \/>\n\t<meta property=\"og:image:type\" content=\"image\/jpeg\" \/>\n<meta name=\"twitter:card\" content=\"summary_large_image\" \/>\n<meta name=\"twitter:label1\" content=\"Est. reading time\" \/>\n\t<meta name=\"twitter:data1\" content=\"3 minutes\" \/>\n<script type=\"application\/ld+json\" class=\"yoast-schema-graph\">{\"@context\":\"https:\\\/\\\/schema.org\",\"@graph\":[{\"@type\":\"WebPage\",\"@id\":\"http:\\\/\\\/emilegroupe.fr\\\/en\\\/home\\\/our-history\\\/\",\"url\":\"http:\\\/\\\/emilegroupe.fr\\\/en\\\/home\\\/our-history\\\/\",\"name\":\"Our history - Groupe Emile\",\"isPartOf\":{\"@id\":\"http:\\\/\\\/emilegroupe.fr\\\/en\\\/#website\"},\"primaryImageOfPage\":{\"@id\":\"http:\\\/\\\/emilegroupe.fr\\\/en\\\/home\\\/our-history\\\/#primaryimage\"},\"image\":{\"@id\":\"http:\\\/\\\/emilegroupe.fr\\\/en\\\/home\\\/our-history\\\/#primaryimage\"},\"thumbnailUrl\":\"http:\\\/\\\/emilegroupe.fr\\\/wp-content\\\/uploads\\\/2018\\\/08\\\/histoire-groupe-emile-464x1024.jpg\",\"datePublished\":\"2017-10-16T06:00:50+00:00\",\"dateModified\":\"2024-12-03T16:06:20+00:00\",\"breadcrumb\":{\"@id\":\"http:\\\/\\\/emilegroupe.fr\\\/en\\\/home\\\/our-history\\\/#breadcrumb\"},\"inLanguage\":\"en-US\",\"potentialAction\":[{\"@type\":\"ReadAction\",\"target\":[\"http:\\\/\\\/emilegroupe.fr\\\/en\\\/home\\\/our-history\\\/\"]}]},{\"@type\":\"ImageObject\",\"inLanguage\":\"en-US\",\"@id\":\"http:\\\/\\\/emilegroupe.fr\\\/en\\\/home\\\/our-history\\\/#primaryimage\",\"url\":\"http:\\\/\\\/emilegroupe.fr\\\/wp-content\\\/uploads\\\/2018\\\/08\\\/histoire-groupe-emile-464x1024.jpg\",\"contentUrl\":\"http:\\\/\\\/emilegroupe.fr\\\/wp-content\\\/uploads\\\/2018\\\/08\\\/histoire-groupe-emile-464x1024.jpg\"},{\"@type\":\"BreadcrumbList\",\"@id\":\"http:\\\/\\\/emilegroupe.fr\\\/en\\\/home\\\/our-history\\\/#breadcrumb\",\"itemListElement\":[{\"@type\":\"ListItem\",\"position\":1,\"name\":\"Accueil\",\"item\":\"http:\\\/\\\/emilegroupe.fr\\\/en\\\/home\\\/\"},{\"@type\":\"ListItem\",\"position\":2,\"name\":\"Home\",\"item\":\"http:\\\/\\\/emilegroupe.fr\\\/en\\\/home\\\/\"},{\"@type\":\"ListItem\",\"position\":3,\"name\":\"Our history\"}]},{\"@type\":\"WebSite\",\"@id\":\"http:\\\/\\\/emilegroupe.fr\\\/en\\\/#website\",\"url\":\"http:\\\/\\\/emilegroupe.fr\\\/en\\\/\",\"name\":\"Groupe Emile\",\"description\":\"Agitateur du Bio depuis 1920\",\"publisher\":{\"@id\":\"http:\\\/\\\/emilegroupe.fr\\\/en\\\/#organization\"},\"potentialAction\":[{\"@type\":\"SearchAction\",\"target\":{\"@type\":\"EntryPoint\",\"urlTemplate\":\"http:\\\/\\\/emilegroupe.fr\\\/en\\\/?s={search_term_string}\"},\"query-input\":{\"@type\":\"PropertyValueSpecification\",\"valueRequired\":true,\"valueName\":\"search_term_string\"}}],\"inLanguage\":\"en-US\"},{\"@type\":\"Organization\",\"@id\":\"http:\\\/\\\/emilegroupe.fr\\\/en\\\/#organization\",\"name\":\"Groupe Emile\",\"url\":\"http:\\\/\\\/emilegroupe.fr\\\/en\\\/\",\"logo\":{\"@type\":\"ImageObject\",\"inLanguage\":\"en-US\",\"@id\":\"http:\\\/\\\/emilegroupe.fr\\\/en\\\/#\\\/schema\\\/logo\\\/image\\\/\",\"url\":\"https:\\\/\\\/emilegroupe.fr\\\/wp-content\\\/uploads\\\/2018\\\/08\\\/GroupeEmile_Signature_Quadri_Moulin-jaune.png\",\"contentUrl\":\"https:\\\/\\\/emilegroupe.fr\\\/wp-content\\\/uploads\\\/2018\\\/08\\\/GroupeEmile_Signature_Quadri_Moulin-jaune.png\",\"width\":2248,\"height\":1014,\"caption\":\"Groupe Emile\"},\"image\":{\"@id\":\"http:\\\/\\\/emilegroupe.fr\\\/en\\\/#\\\/schema\\\/logo\\\/image\\\/\"},\"sameAs\":[\"https:\\\/\\\/www.linkedin.com\\\/company\\\/huilerie-emile-no\u00ebl\\\/\",\"https:\\\/\\\/www.youtube.com\\\/channel\\\/UCfdQz--7i0mrn1g8j7_wyvg\\\/featured?view_as=subscriber\"]}]}<\/script>\n<!-- \/ Yoast SEO plugin. -->","yoast_head_json":{"title":"Our history - Groupe Emile","robots":{"index":"index","follow":"follow","max-snippet":"max-snippet:-1","max-image-preview":"max-image-preview:large","max-video-preview":"max-video-preview:-1"},"canonical":"http:\/\/emilegroupe.fr\/en\/home\/our-history\/","og_locale":"en_US","og_type":"article","og_title":"Our history - Groupe Emile","og_description":"Emile tells his story A family-run SME founded in 1920 by the passionate Emile No\u00ebl in Pont-Saint-Esprit (in the Gard region of France), the Emile No\u00ebl oil mill is taking a new direction this year 2018 by becoming Groupe Emile. The company has grown over the generations, and is now run by David, great-grandson of [&hellip;]","og_url":"http:\/\/emilegroupe.fr\/en\/home\/our-history\/","og_site_name":"Groupe Emile","article_modified_time":"2024-12-03T16:06:20+00:00","og_image":[{"width":1410,"height":3112,"url":"http:\/\/emilegroupe.fr\/wp-content\/uploads\/2018\/08\/histoire-groupe-emile.jpg","type":"image\/jpeg"}],"twitter_card":"summary_large_image","twitter_misc":{"Est. reading time":"3 minutes"},"schema":{"@context":"https:\/\/schema.org","@graph":[{"@type":"WebPage","@id":"http:\/\/emilegroupe.fr\/en\/home\/our-history\/","url":"http:\/\/emilegroupe.fr\/en\/home\/our-history\/","name":"Our history - Groupe Emile","isPartOf":{"@id":"http:\/\/emilegroupe.fr\/en\/#website"},"primaryImageOfPage":{"@id":"http:\/\/emilegroupe.fr\/en\/home\/our-history\/#primaryimage"},"image":{"@id":"http:\/\/emilegroupe.fr\/en\/home\/our-history\/#primaryimage"},"thumbnailUrl":"http:\/\/emilegroupe.fr\/wp-content\/uploads\/2018\/08\/histoire-groupe-emile-464x1024.jpg","datePublished":"2017-10-16T06:00:50+00:00","dateModified":"2024-12-03T16:06:20+00:00","breadcrumb":{"@id":"http:\/\/emilegroupe.fr\/en\/home\/our-history\/#breadcrumb"},"inLanguage":"en-US","potentialAction":[{"@type":"ReadAction","target":["http:\/\/emilegroupe.fr\/en\/home\/our-history\/"]}]},{"@type":"ImageObject","inLanguage":"en-US","@id":"http:\/\/emilegroupe.fr\/en\/home\/our-history\/#primaryimage","url":"http:\/\/emilegroupe.fr\/wp-content\/uploads\/2018\/08\/histoire-groupe-emile-464x1024.jpg","contentUrl":"http:\/\/emilegroupe.fr\/wp-content\/uploads\/2018\/08\/histoire-groupe-emile-464x1024.jpg"},{"@type":"BreadcrumbList","@id":"http:\/\/emilegroupe.fr\/en\/home\/our-history\/#breadcrumb","itemListElement":[{"@type":"ListItem","position":1,"name":"Accueil","item":"http:\/\/emilegroupe.fr\/en\/home\/"},{"@type":"ListItem","position":2,"name":"Home","item":"http:\/\/emilegroupe.fr\/en\/home\/"},{"@type":"ListItem","position":3,"name":"Our history"}]},{"@type":"WebSite","@id":"http:\/\/emilegroupe.fr\/en\/#website","url":"http:\/\/emilegroupe.fr\/en\/","name":"Groupe Emile","description":"Agitateur du Bio depuis 1920","publisher":{"@id":"http:\/\/emilegroupe.fr\/en\/#organization"},"potentialAction":[{"@type":"SearchAction","target":{"@type":"EntryPoint","urlTemplate":"http:\/\/emilegroupe.fr\/en\/?s={search_term_string}"},"query-input":{"@type":"PropertyValueSpecification","valueRequired":true,"valueName":"search_term_string"}}],"inLanguage":"en-US"},{"@type":"Organization","@id":"http:\/\/emilegroupe.fr\/en\/#organization","name":"Groupe Emile","url":"http:\/\/emilegroupe.fr\/en\/","logo":{"@type":"ImageObject","inLanguage":"en-US","@id":"http:\/\/emilegroupe.fr\/en\/#\/schema\/logo\/image\/","url":"https:\/\/emilegroupe.fr\/wp-content\/uploads\/2018\/08\/GroupeEmile_Signature_Quadri_Moulin-jaune.png","contentUrl":"https:\/\/emilegroupe.fr\/wp-content\/uploads\/2018\/08\/GroupeEmile_Signature_Quadri_Moulin-jaune.png","width":2248,"height":1014,"caption":"Groupe Emile"},"image":{"@id":"http:\/\/emilegroupe.fr\/en\/#\/schema\/logo\/image\/"},"sameAs":["https:\/\/www.linkedin.com\/company\/huilerie-emile-no\u00ebl\/","https:\/\/www.youtube.com\/channel\/UCfdQz--7i0mrn1g8j7_wyvg\/featured?view_as=subscriber"]}]}},"_links":{"self":[{"href":"http:\/\/emilegroupe.fr\/en\/wp-json\/wp\/v2\/pages\/35603","targetHints":{"allow":["GET"]}}],"collection":[{"href":"http:\/\/emilegroupe.fr\/en\/wp-json\/wp\/v2\/pages"}],"about":[{"href":"http:\/\/emilegroupe.fr\/en\/wp-json\/wp\/v2\/types\/page"}],"author":[{"embeddable":true,"href":"http:\/\/emilegroupe.fr\/en\/wp-json\/wp\/v2\/users\/1"}],"replies":[{"embeddable":true,"href":"http:\/\/emilegroupe.fr\/en\/wp-json\/wp\/v2\/comments?post=35603"}],"version-history":[{"count":5,"href":"http:\/\/emilegroupe.fr\/en\/wp-json\/wp\/v2\/pages\/35603\/revisions"}],"predecessor-version":[{"id":41780,"href":"http:\/\/emilegroupe.fr\/en\/wp-json\/wp\/v2\/pages\/35603\/revisions\/41780"}],"up":[{"embeddable":true,"href":"http:\/\/emilegroupe.fr\/en\/wp-json\/wp\/v2\/pages\/35578"}],"wp:attachment":[{"href":"http:\/\/emilegroupe.fr\/en\/wp-json\/wp\/v2\/media?parent=35603"}],"curies":[{"name":"wp","href":"https:\/\/api.w.org\/{rel}","templated":true}]}}